{"id":380,"date":"2020-05-28T19:12:58","date_gmt":"2020-05-28T19:12:58","guid":{"rendered":"http:\/\/www.geekecuador.com\/snmb\/?page_id=380"},"modified":"2021-03-19T22:14:51","modified_gmt":"2021-03-19T22:14:51","slug":"contactos","status":"publish","type":"page","link":"https:\/\/snmb.ambiente.gob.ec\/snmb\/?page_id=380","title":{"rendered":"CONTACTOS"},"content":{"rendered":"<h4>Contactos<\/h4>\n<h1>\n<h1 class=\"uk-h5 uk-font-primary uk-text-primary uk-text-center uk-scrollspy-inview uk-animation-slide-bottom-medium\" data-id=\"page#1-0-0-0\" uk-scrollspy-class=\"\">UBICACI\u00d3N MINISTERIO DEL AMBIENTE Y AGUA DEL ECUADOR<\/h1>\n<\/h1>\n<div>\n<p>    <iframe loading=\"lazy\" src=\"https:\/\/www.google.com\/maps\/embed?pb=!1m18!1m12!1m3!1d3989.7919675817857!2d-78.4885198489203!3d-0.20824489984730407!2m3!1f0!2f0!3f0!3m2!1i1024!2i768!4f13.1!3m3!1m2!1s0x91d59a0e294bf633%3A0x144735ae05f2a969!2sMinisterio%20del%20Ambiente%20Ecuador!5e0!3m2!1ses!2sec!4v1595287822567!5m2!1ses!2sec\" width=\"100%\" height=\"450\" frameborder=\"0\" style=\"border:0;\" allowfullscreen=\"\" aria-hidden=\"false\" tabindex=\"0\"><\/iframe>\n<\/div>\n<h1>\n<h1 class=\"uk-h5 uk-font-primary uk-text-left uk-scrollspy-inview uk-animation-slide-bottom-medium\" data-id=\"page#1-0-1-0\" uk-scrollspy-class=\"\"><span class=\"uk-text-background\">DIRECCI\u00d3N<\/span><\/h1>\n<\/h1>\n<ul>\n<li>\n<div>\n<p>Calle Madrid 1159 y Andaluc\u00eda<\/p>\n<\/div>\n<\/li>\n<li>\n<div>\n<p>C\u00f3digo Postal: 170525<\/p>\n<\/div>\n<\/li>\n<li>\n<div>\n<p>Tel\u00e9fono: 593-2 3987600<\/p>\n<\/div>\n<\/li>\n<\/ul>\n<h1>\n<h1 class=\"uk-h5 uk-font-primary uk-text-left uk-scrollspy-inview uk-animation-slide-bottom-medium\" uk-scrollspy-class=\"\"><span class=\"uk-text-background\">CONTACTOS<\/span><\/h1>\n<\/h1>\n<ul>\n<li>\n<div>\n<p>Sra. Silvana Chulde &#8211; Directora de Bosques<\/p>\n<\/div>\n<\/li>\n<li>\n<div>\n<p>Sra. Gabriela Saavedra &#8211; Especialista en Administraci\u00f3n y Control Forestal<\/p>\n<\/div>\n<\/li>\n<li>\n<div>\n<p>Sr. Leonardo Ayala &#8211; Especialista en Administraci\u00f3n y Control Forestal<\/p>\n<\/div>\n<\/li>\n<li>\n<div>\n<p>Sra. Ximena Herrera \u2013 T\u00e9cnica en Monitoreo Forestal e Inventarios Forestales<\/p>\n<\/div>\n<\/li>\n<\/ul>\n<p><!-- {\"type\":\"layout\",\"children\":[{\"type\":\"section\",\"props\":{\"style\":\"default\",\"width\":\"\",\"vertical_align\":\"middle\",\"title_position\":\"top-left\",\"title_rotation\":\"left\",\"title_breakpoint\":\"xl\",\"image_position\":\"center-center\",\"text_color\":\"light\",\"padding\":\"large\",\"image\":\"wp-content\\\/uploads\\\/banner_contacto.png\",\"image_size\":\"cover\",\"padding_remove_top\":false,\"padding_remove_bottom\":false,\"overlap\":true,\"media_overlay\":\"rgba(0, 0, 0, 0.29)\",\"media_blend_mode\":\"multiply\"},\"children\":[{\"type\":\"row\",\"props\":{\"match\":false},\"children\":[{\"type\":\"column\",\"props\":{\"image_position\":\"center-center\",\"media_overlay_gradient\":\"\",\"vertical_align\":\"bottom\",\"padding\":\"xsmall\",\"width_medium\":\"1-1\",\"preserve_color\":false},\"children\":[{\"type\":\"headline\",\"props\":{\"title_element\":\"h4\",\"content\":\"Contactos\",\"title_style\":\"h4\",\"text_align\":\"center\",\"title_font_family\":\"primary\"}}]}]}],\"name\":\"FOTO\"},{\"type\":\"section\",\"props\":{\"style\":\"default\",\"width\":\"default\",\"vertical_align\":\"middle\",\"title_position\":\"top-left\",\"title_rotation\":\"left\",\"title_breakpoint\":\"xl\",\"image_position\":\"center-center\"},\"children\":[{\"type\":\"row\",\"props\":{\"layout\":\"2-3,1-3\"},\"children\":[{\"type\":\"column\",\"props\":{\"image_position\":\"center-center\",\"media_overlay_gradient\":\"\",\"width_medium\":\"2-3\"},\"children\":[{\"type\":\"headline\",\"props\":{\"title_element\":\"h1\",\"content\":\"\n\n<h1 class=\\\"uk-h5 uk-font-primary uk-text-primary uk-text-center uk-scrollspy-inview uk-animation-slide-bottom-medium\\\" data-id=\\\"page#1-0-0-0\\\" uk-scrollspy-class=\\\"\\\">UBICACI\\u00d3N MINISTERIO DEL AMBIENTE Y AGUA DEL ECUADOR<\\\/h1>\"}},{\"type\":\"html\",\"props\":{\"content\":\"<iframe src=\\\"https:\\\/\\\/www.google.com\\\/maps\\\/embed?pb=!1m18!1m12!1m3!1d3989.7919675817857!2d-78.4885198489203!3d-0.20824489984730407!2m3!1f0!2f0!3f0!3m2!1i1024!2i768!4f13.1!3m3!1m2!1s0x91d59a0e294bf633%3A0x144735ae05f2a969!2sMinisterio%20del%20Ambiente%20Ecuador!5e0!3m2!1ses!2sec!4v1595287822567!5m2!1ses!2sec\\\" width=\\\"100%\\\" height=\\\"450\\\" frameborder=\\\"0\\\" style=\\\"border:0;\\\" allowfullscreen=\\\"\\\" aria-hidden=\\\"false\\\" tabindex=\\\"0\\\"><\\\/iframe>\"}}]},{\"type\":\"column\",\"props\":{\"image_position\":\"center-center\",\"media_overlay_gradient\":\"\",\"width_medium\":\"1-3\"},\"children\":[{\"type\":\"headline\",\"props\":{\"title_element\":\"h1\",\"content\":\"\n\n<h1 class=\\\"uk-h5 uk-font-primary uk-text-left uk-scrollspy-inview uk-animation-slide-bottom-medium\\\" data-id=\\\"page#1-0-1-0\\\" uk-scrollspy-class=\\\"\\\"><span class=\\\"uk-text-background\\\">DIRECCI\\u00d3N<\\\/span><\\\/h1>\"}},{\"type\":\"list\",\"props\":{\"show_image\":true,\"show_link\":true,\"list_element\":\"ul\",\"column_breakpoint\":\"m\",\"image_svg_color\":\"emphasis\",\"image_align\":\"left\",\"image_vertical_align\":true},\"children\":[{\"type\":\"list_item\",\"props\":{\"content\":\"\n\n<p>Calle Madrid 1159 y Andaluc\\u00eda<\\\/p>\",\"icon\":\"location\",\"icon_color\":\"primary\"}},{\"type\":\"list_item\",\"props\":{\"content\":\"\n\n<p>C\\u00f3digo Postal: 170525<\\\/p>\",\"icon\":\"search\",\"icon_color\":\"primary\"}},{\"type\":\"list_item\",\"props\":{\"content\":\"\n\n<p>Tel\\u00e9fono: 593-2 3987600<\\\/p>\",\"icon\":\"receiver\",\"icon_color\":\"primary\"}}]},{\"type\":\"headline\",\"props\":{\"title_element\":\"h1\",\"content\":\"\n\n<h1 class=\\\"uk-h5 uk-font-primary uk-text-left uk-scrollspy-inview uk-animation-slide-bottom-medium\\\" uk-scrollspy-class=\\\"\\\"><span class=\\\"uk-text-background\\\">CONTACTOS<\\\/span><\\\/h1>\"}},{\"type\":\"list\",\"props\":{\"show_image\":true,\"show_link\":true,\"list_element\":\"ul\",\"column_breakpoint\":\"m\",\"image_svg_color\":\"emphasis\",\"image_align\":\"left\",\"image_vertical_align\":true},\"children\":[{\"type\":\"list_item\",\"props\":{\"content\":\"\n\n<p>Sra. Silvana Chulde - Directora de Bosques<\\\/p>\",\"icon\":\"user\",\"icon_color\":\"primary\"}},{\"type\":\"list_item\",\"props\":{\"content\":\"\n\n<p>Sra. Gabriela Saavedra - Especialista en Administraci\\u00f3n y Control Forestal<\\\/p>\",\"icon\":\"user\",\"icon_color\":\"primary\"}},{\"type\":\"list_item\",\"props\":{\"content\":\"\n\n<p>Sr. Leonardo Ayala - Especialista en Administraci\\u00f3n y Control Forestal<\\\/p>\",\"icon\":\"user\",\"icon_color\":\"primary\"}},{\"type\":\"list_item\",\"props\":{\"content\":\"\n\n<p>Sra. Ximena Herrera \\u2013 T\\u00e9cnica en Monitoreo Forestal e Inventarios Forestales<\\\/p>\",\"icon\":\"user\",\"icon_color\":\"primary\"}}]}]}]}]}],\"version\":\"2.3.5\"} --><\/p>\n","protected":false},"excerpt":{"rendered":"<p>Contactos UBICACI\u00d3N MINISTERIO DEL AMBIENTE Y AGUA DEL ECUADOR DIRECCI\u00d3N Calle Madrid 1159 y Andaluc\u00eda C\u00f3digo Postal: 170525 Tel\u00e9fono: 593-2 3987600 CONTACTOS Sra. Silvana Chulde &#8211; Directora de Bosques Sra. Gabriela Saavedra &#8211; Especialista en Administraci\u00f3n y Control Forestal Sr. Leonardo Ayala &#8211; Especialista en Administraci\u00f3n y Control Forestal Sra. Ximena Herrera \u2013 T\u00e9cnica en [&hellip;]<\/p>\n","protected":false},"author":1,"featured_media":0,"parent":0,"menu_order":0,"comment_status":"closed","ping_status":"closed","template":"","meta":{"om_disable_all_campaigns":false,"_monsterinsights_skip_tracking":false,"_monsterinsights_sitenote_active":false,"_monsterinsights_sitenote_note":"","_monsterinsights_sitenote_category":0,"footnotes":""},"class_list":["post-380","page","type-page","status-publish","hentry"],"_links":{"self":[{"href":"https:\/\/snmb.ambiente.gob.ec\/snmb\/index.php?rest_route=\/wp\/v2\/pages\/380","targetHints":{"allow":["GET"]}}],"collection":[{"href":"https:\/\/snmb.ambiente.gob.ec\/snmb\/index.php?rest_route=\/wp\/v2\/pages"}],"about":[{"href":"https:\/\/snmb.ambiente.gob.ec\/snmb\/index.php?rest_route=\/wp\/v2\/types\/page"}],"author":[{"embeddable":true,"href":"https:\/\/snmb.ambiente.gob.ec\/snmb\/index.php?rest_route=\/wp\/v2\/users\/1"}],"replies":[{"embeddable":true,"href":"https:\/\/snmb.ambiente.gob.ec\/snmb\/index.php?rest_route=%2Fwp%2Fv2%2Fcomments&post=380"}],"version-history":[{"count":18,"href":"https:\/\/snmb.ambiente.gob.ec\/snmb\/index.php?rest_route=\/wp\/v2\/pages\/380\/revisions"}],"predecessor-version":[{"id":1270,"href":"https:\/\/snmb.ambiente.gob.ec\/snmb\/index.php?rest_route=\/wp\/v2\/pages\/380\/revisions\/1270"}],"wp:attachment":[{"href":"https:\/\/snmb.ambiente.gob.ec\/snmb\/index.php?rest_route=%2Fwp%2Fv2%2Fmedia&parent=380"}],"curies":[{"name":"wp","href":"https:\/\/api.w.org\/{rel}","templated":true}]}}