{"id":474,"date":"2020-10-18T03:47:11","date_gmt":"2020-10-18T03:47:11","guid":{"rendered":"http:\/\/www.geekecuador.com\/snmb\/?page_id=474"},"modified":"2020-11-12T21:14:53","modified_gmt":"2020-11-12T21:14:53","slug":"que-es-el-snmb","status":"publish","type":"page","link":"https:\/\/snmb.ambiente.gob.ec\/snmb\/?page_id=474","title":{"rendered":"\u00bfQu\u00e9 es el SNMB?"},"content":{"rendered":"<h3>\u00bfQu\u00e9 es el SNMB?<\/h3>\n<div>\n<p style=\"text-align: justify;\">El <strong>Sistema Nacional de Monitoreo de Bosques<\/strong> constituye un conjunto armonizado de actores, componentes, metodologi\u0301as y procesos, a trav\u00e9s de los cuales se genera, recopila, analiza y reporta informaci\u00f3n espacial, biof\u00edsica y socioecon\u00f3mica relacionada con los bosques, otros ecosistemas naturales y su biodiversidad asociada.<\/p>\n<\/div>\n<p><img decoding=\"async\" src=\"\/snmb\/wp-content\/uploads\/g1foto.png\" alt=\"\"><br \/>\n<img decoding=\"async\" src=\"\/snmb\/wp-content\/uploads\/g2foto.png\" alt=\"\"><br \/>\n<img decoding=\"async\" src=\"\/snmb\/wp-content\/uploads\/g3foto.png\" alt=\"\"><\/p>\n<h3>Misi\u00f3n<\/h3>\n<div>\n<p style=\"text-align: justify;\">Recolectar y generar informacio\u0301n perio\u0301dica, medible, reportable y verificable que permita evaluar la gestio\u0301n de los bosques, otros ecosistemas naturales y su biodiversidad asociada, para determinar el estado de conservacio\u0301n del Patrimonio Forestal Nacional y facilitar la generacio\u0301n de reportes nacionales e internacionales de las emisiones y absorciones de Gases de Efecto Invernadero (GEI) relacionadas a los cambios de uso de la tierra y silvicultura.<\/p>\n<\/div>\n<h3>Visi\u00f3n<\/h3>\n<div>\n<p style=\"text-align: justify;\">Ser la unidad de gestio\u0301n dentro del Ministerio del Ambiente y Agua responsable de proporcionar la informacio\u0301n necesaria para disen\u0303ar, implementar y evaluar la efectividad de las poli\u0301ticas, medidas y acciones vinculadas a la conservacio\u0301n, el manejo forestal sostenible, la restauracio\u0301n, gobernanza forestal, manejo de recursos naturales, ordenamiento territorial, uso del suelo y cambio de uso del suelo; asi\u0301 como tambie\u0301n, para facilitar la toma de decisiones estrate\u0301gicas sobre el Patrimonio Forestal Nacional y la gestio\u0301n del cambio clima\u0301tico.<\/p>\n<\/div>\n<p><!-- {\"name\":\"Our Story\",\"type\":\"layout\",\"children\":[{\"type\":\"section\",\"props\":{\"style\":\"default\",\"width\":\"large\",\"vertical_align\":\"middle\",\"title_position\":\"top-left\",\"title_rotation\":\"left\",\"title_breakpoint\":\"xl\",\"image_position\":\"center-center\",\"padding\":\"small\"},\"children\":[{\"type\":\"row\",\"children\":[{\"type\":\"column\",\"props\":{\"image_position\":\"center-center\",\"media_overlay_gradient\":\"\",\"width_medium\":\"1-1\"},\"children\":[{\"name\":\"\",\"type\":\"headline\",\"props\":{\"title_element\":\"h3\",\"content\":\"\\u00bfQu\\u00e9 es el SNMB?\",\"margin\":\"medium\",\"margin_remove_bottom\":false,\"title_style\":\"h4\",\"title_font_family\":\"primary\"}},{\"name\":\"\",\"type\":\"text\",\"props\":{\"column_breakpoint\":\"m\",\"margin\":\"medium\",\"content\":\"\n\n<p style=\\\"text-align: justify;\\\">El <strong>Sistema Nacional de Monitoreo de Bosques<\\\/strong> constituye un conjunto armonizado de actores, componentes, metodologi\\u0301as y procesos, a trav\\u00e9s de los cuales se genera, recopila, analiza y reporta informaci\\u00f3n espacial, biof\\u00edsica y socioecon\\u00f3mica relacionada con los bosques, otros ecosistemas naturales y su biodiversidad asociada.<\\\/p>\",\"dropcap\":false}}]}]}]},{\"type\":\"section\",\"props\":{\"style\":\"default\",\"width\":\"large\",\"vertical_align\":\"middle\",\"title_position\":\"top-left\",\"title_rotation\":\"left\",\"title_breakpoint\":\"xl\",\"image_position\":\"center-center\",\"padding\":\"xsmall\",\"padding_remove_top\":true},\"children\":[{\"type\":\"row\",\"props\":{\"layout\":\"1-3,1-3,1-3\"},\"children\":[{\"type\":\"column\",\"props\":{\"image_position\":\"center-center\",\"media_overlay_gradient\":\"\",\"width_medium\":\"1-3\"},\"children\":[{\"type\":\"image\",\"props\":{\"margin\":\"default\",\"image_svg_color\":\"emphasis\",\"image\":\"wp-content\\\/uploads\\\/g1foto.png\"}}]},{\"type\":\"column\",\"props\":{\"image_position\":\"center-center\",\"media_overlay_gradient\":\"\",\"width_medium\":\"1-3\"},\"children\":[{\"type\":\"image\",\"props\":{\"margin\":\"default\",\"image_svg_color\":\"emphasis\",\"image\":\"wp-content\\\/uploads\\\/g2foto.png\"}}]},{\"type\":\"column\",\"props\":{\"image_position\":\"center-center\",\"media_overlay_gradient\":\"\",\"width_medium\":\"1-3\"},\"children\":[{\"type\":\"image\",\"props\":{\"margin\":\"default\",\"image_svg_color\":\"emphasis\",\"image\":\"wp-content\\\/uploads\\\/g3foto.png\"}}]}]}]},{\"type\":\"section\",\"props\":{\"style\":\"default\",\"width\":\"large\",\"vertical_align\":\"middle\",\"title_position\":\"top-left\",\"title_rotation\":\"left\",\"title_breakpoint\":\"xl\",\"image_position\":\"center-center\",\"padding\":\"small\"},\"children\":[{\"type\":\"row\",\"props\":{\"layout\":\"1-2,1-2\"},\"children\":[{\"type\":\"column\",\"props\":{\"image_position\":\"center-center\",\"media_overlay_gradient\":\"\",\"width_medium\":\"1-2\"},\"children\":[{\"name\":\"\",\"type\":\"headline\",\"props\":{\"title_element\":\"h3\",\"content\":\"Misi\\u00f3n\",\"margin\":\"medium\",\"margin_remove_bottom\":false,\"title_style\":\"h4\",\"title_font_family\":\"primary\"}},{\"name\":\"\",\"type\":\"text\",\"props\":{\"column_breakpoint\":\"m\",\"margin\":\"medium\",\"content\":\"\n\n<p style=\\\"text-align: justify;\\\">Recolectar y generar informacio\\u0301n perio\\u0301dica, medible, reportable y verificable que permita evaluar la gestio\\u0301n de los bosques, otros ecosistemas naturales y su biodiversidad asociada, para determinar el estado de conservacio\\u0301n del Patrimonio Forestal Nacional y facilitar la generacio\\u0301n de reportes nacionales e internacionales de las emisiones y absorciones de Gases de Efecto Invernadero (GEI) relacionadas a los cambios de uso de la tierra y silvicultura.<\\\/p>\",\"dropcap\":false}}]},{\"type\":\"column\",\"props\":{\"image_position\":\"center-center\",\"media_overlay_gradient\":\"\",\"width_medium\":\"1-2\"},\"children\":[{\"name\":\"\",\"type\":\"headline\",\"props\":{\"title_element\":\"h3\",\"content\":\"Visi\\u00f3n\",\"margin\":\"medium\",\"margin_remove_bottom\":false,\"title_style\":\"h4\",\"title_font_family\":\"primary\"}},{\"name\":\"\",\"type\":\"text\",\"props\":{\"column_breakpoint\":\"m\",\"margin\":\"medium\",\"content\":\"\n\n<p style=\\\"text-align: justify;\\\">Ser la unidad de gestio\\u0301n dentro del Ministerio del Ambiente y Agua responsable de proporcionar la informacio\\u0301n necesaria para disen\\u0303ar, implementar y evaluar la efectividad de las poli\\u0301ticas, medidas y acciones vinculadas a la conservacio\\u0301n, el manejo forestal sostenible, la restauracio\\u0301n, gobernanza forestal, manejo de recursos naturales, ordenamiento territorial, uso del suelo y cambio de uso del suelo; asi\\u0301 como tambie\\u0301n, para facilitar la toma de decisiones estrate\\u0301gicas sobre el Patrimonio Forestal Nacional y la gestio\\u0301n del cambio clima\\u0301tico.<\\\/p>\",\"dropcap\":false}}]}]}]}],\"version\":\"2.3.5\"} --><\/p>\n","protected":false},"excerpt":{"rendered":"<p>\u00bfQu\u00e9 es el SNMB? El Sistema Nacional de Monitoreo de Bosques constituye un conjunto armonizado de actores, componentes, metodologi\u0301as y procesos, a trav\u00e9s de los cuales se genera, recopila, analiza y reporta informaci\u00f3n espacial, biof\u00edsica y socioecon\u00f3mica relacionada con los bosques, otros ecosistemas naturales y su biodiversidad asociada. Misi\u00f3n Recolectar y generar informacio\u0301n perio\u0301dica, medible, [&hellip;]<\/p>\n","protected":false},"author":1,"featured_media":0,"parent":372,"menu_order":0,"comment_status":"closed","ping_status":"closed","template":"","meta":{"om_disable_all_campaigns":false,"_monsterinsights_skip_tracking":false,"_monsterinsights_sitenote_active":false,"_monsterinsights_sitenote_note":"","_monsterinsights_sitenote_category":0,"footnotes":""},"class_list":["post-474","page","type-page","status-publish","hentry"],"_links":{"self":[{"href":"https:\/\/snmb.ambiente.gob.ec\/snmb\/index.php?rest_route=\/wp\/v2\/pages\/474","targetHints":{"allow":["GET"]}}],"collection":[{"href":"https:\/\/snmb.ambiente.gob.ec\/snmb\/index.php?rest_route=\/wp\/v2\/pages"}],"about":[{"href":"https:\/\/snmb.ambiente.gob.ec\/snmb\/index.php?rest_route=\/wp\/v2\/types\/page"}],"author":[{"embeddable":true,"href":"https:\/\/snmb.ambiente.gob.ec\/snmb\/index.php?rest_route=\/wp\/v2\/users\/1"}],"replies":[{"embeddable":true,"href":"https:\/\/snmb.ambiente.gob.ec\/snmb\/index.php?rest_route=%2Fwp%2Fv2%2Fcomments&post=474"}],"version-history":[{"count":16,"href":"https:\/\/snmb.ambiente.gob.ec\/snmb\/index.php?rest_route=\/wp\/v2\/pages\/474\/revisions"}],"predecessor-version":[{"id":852,"href":"https:\/\/snmb.ambiente.gob.ec\/snmb\/index.php?rest_route=\/wp\/v2\/pages\/474\/revisions\/852"}],"up":[{"embeddable":true,"href":"https:\/\/snmb.ambiente.gob.ec\/snmb\/index.php?rest_route=\/wp\/v2\/pages\/372"}],"wp:attachment":[{"href":"https:\/\/snmb.ambiente.gob.ec\/snmb\/index.php?rest_route=%2Fwp%2Fv2%2Fmedia&parent=474"}],"curies":[{"name":"wp","href":"https:\/\/api.w.org\/{rel}","templated":true}]}}