{"id":486,"date":"2020-10-18T03:50:29","date_gmt":"2020-10-18T03:50:29","guid":{"rendered":"http:\/\/www.geekecuador.com\/snmb\/?page_id=486"},"modified":"2021-04-13T14:21:26","modified_gmt":"2021-04-13T14:21:26","slug":"analisis-de-informacion","status":"publish","type":"page","link":"https:\/\/snmb.ambiente.gob.ec\/snmb\/?page_id=486","title":{"rendered":"An\u00e1lisis de Informaci\u00f3n"},"content":{"rendered":"<h4>An\u00e1lisis de Informaci\u00f3n y Reporte<\/h4>\n<div>\n<p>Este componente se encarga de la gestio\u0301n y ana\u0301lisis estad\u00edstico de la informacio\u0301n generada por los otros componentes para proporcionar informacio\u0301n actualizada y precisa en la elaboracio\u0301n de reportes y evaluaciones de presio\u0301n, estado y respuesta del <strong>Patrimonio Forestal Nacional<\/strong>, para lo cual el componente agrupa los siguientes procesos:<\/p>\n<\/div>\n<p><img decoding=\"async\" src=\"\/snmb\/wp-content\/uploads\/enf-1.png\" alt=\"\"><\/p>\n<div>\n<h2>Evaluaci\u00f3n de Presi\u00f3n \u2013 Estado \u2013 Respuesta<\/h2>\n<div>\n<p>Constituye el mecanismo para la generacio\u0301n de informacio\u0301n robusta sobre el estado de conservacio\u0301n del Patrimonio Forestal Nacional, a partir del ana\u0301lisis integral de las presiones existentes, su estado y respuesta. Un ejemplo de los informes que se realizan dentro de este proceso, son los siguientes:<\/p>\n<ul>\n<li>Definici\u00f3n de zonas prioritarias para aprovechamiento forestal o declaracio\u0301n de a\u0301reas protegidas.<\/li>\n<li>Definicio\u0301n de zonas prioritarias para la intervencio\u0301n territorial de programas y proyectos de cooperacio\u0301n internacional.<\/li>\n<li>Definicio\u0301n de zonas intere\u0301s para la entrega de incentivos para la conservacio\u0301n.<\/li>\n<li>Determinaci\u00f3n de zonas prioritarias para restauracio\u0301n y manejo de los bienes y servicios que proveen los ecosistemas.<\/li>\n<li>Ana\u0301lisis de patrones y zonas homoge\u0301neas de deforestacio\u0301n.<\/li>\n<li>Estrategias de intervencio\u0301n territorial para programas y proyectos relacionados a la gestio\u0301n forestal y de la biodiversidad.<\/li>\n<\/ul>\n<\/div>\n<\/div>\n<ul>\n<li>\n<p>        <img decoding=\"async\" src=\"\/snmb\/wp-content\/uploads\/foto2.jpg\" alt=\"\"><\/p>\n<\/li>\n<li>\n<p>        <img decoding=\"async\" src=\"\/snmb\/wp-content\/uploads\/foto15.jpg\" alt=\"\"><\/p>\n<\/li>\n<li>\n<p>        <img decoding=\"async\" src=\"\/snmb\/wp-content\/uploads\/foto5.jpg\" alt=\"\"><\/p>\n<\/li>\n<\/ul>\n<hr>\n<p><img decoding=\"async\" src=\"\/snmb\/wp-content\/uploads\/arbol.png\" alt=\"\"><\/p>\n<div>\n<h2>Evaluaci\u00f3n de Relaci\u00f3n Gente \u2013 Bosque<\/h2>\n<div>\n<p>El objetivo de este proceso, es conocer las relaciones existentes entre los bosques naturales del pa\u00eds y las poblaciones locales, as\u00ed como los actores y factores que han dado lugar a los procesos de deforestaci\u00f3n y conservaci\u00f3n de estos ecosistemas forestales.<\/p>\n<p>Su ejecuci\u00f3n inici\u00f3 en el a\u00f1o 2012, como parte de la <strong>Primera Evaluacio\u0301n Nacional Forestal<\/strong>,\u00a0 en la cual se realiz\u00f3 \u00a0un \u00a0primer disen\u0303o metodolo\u0301gico y un estudio piloto en la provincia de Sucumbi\u0301os.<\/p>\n<\/div>\n<\/div>\n<ul>\n<li>\n<p>        <img decoding=\"async\" src=\"\/snmb\/wp-content\/uploads\/g1foto.png\" alt=\"\"><\/p>\n<\/li>\n<li>\n<p>        <img decoding=\"async\" src=\"\/snmb\/wp-content\/uploads\/g3foto.png\" alt=\"\"><\/p>\n<\/li>\n<li>\n<p>        <img decoding=\"async\" src=\"\/snmb\/wp-content\/uploads\/g2foto.png\" alt=\"\"><\/p>\n<\/li>\n<\/ul>\n<div>\n<p style=\"text-align: center;\"><a href=\"http:\/\/enf.ambiente.gob.ec\/web_enf\" target=\"_blank\" rel=\"noopener\">Para mayor informaci\u00f3n puede ingresar al sitio web de la Evaluaci\u00f3n Nacional Forestal<\/a><\/p>\n<\/div>\n<hr>\n<p><img decoding=\"async\" src=\"\/snmb\/wp-content\/uploads\/resultados.jpg\" alt=\"\"><\/p>\n<div>\n<h2>Publicaci\u00f3n y Reporte de Resultados<\/h2>\n<div>\n<p>Este proceso tiene como objetivo difundir y reportar los resultados obtenidos en los diferentes procesos del <strong>Sistema Nacional de Monitoreo de Bosques<\/strong>, as\u00ed como tambi\u00e9n generar reportes sobre el estado y conservaci\u00f3n de los bosques, en base a requerimientos de actores institucionales.<\/p>\n<p>La informaci\u00f3n publicada en este proceso facilitar\u00e1 el acceso p\u00fablico a resultados relevantes relacionados al monitoreo del <strong>Patrimonio Forestal Nacional<\/strong>, y adem\u00e1s, constituye un importante insumo para la generacio\u0301n de reportes como: la <strong>Evaluacio\u0301n de Recursos Forestales Mundiales<\/strong> (FRA por sus siglas en ingle\u0301s), el <strong>Nivel de Referencia de Emisiones Forestales<\/strong>, anexo t\u00e9cnico de REDD+, reportes relacionados al cumplimiento de las metas Aichi, reportes de indicadores nacionales sobre el cumplimiento del <strong>Plan Nacional de Desarrollo<\/strong>, entre otros.<\/p>\n<\/div>\n<\/div>\n<ul>\n<li>\n<p>        <img decoding=\"async\" src=\"\/snmb\/wp-content\/uploads\/g1foto.png\" alt=\"\"><\/p>\n<\/li>\n<li>\n<p>        <img decoding=\"async\" src=\"\/snmb\/wp-content\/uploads\/g3foto.png\" alt=\"\"><\/p>\n<\/li>\n<li>\n<p>        <img decoding=\"async\" src=\"\/snmb\/wp-content\/uploads\/g2foto.png\" alt=\"\"><\/p>\n<\/li>\n<\/ul>\n<p><!-- {\"children\":[{\"type\":\"section\",\"props\":{\"style\":\"default\",\"width\":\"\",\"vertical_align\":\"middle\",\"title_position\":\"top-left\",\"title_rotation\":\"left\",\"title_breakpoint\":\"xl\",\"image_position\":\"center-center\",\"text_color\":\"light\",\"padding\":\"large\",\"image\":\"wp-content\\\/uploads\\\/banner_geografico.jpg\",\"image_size\":\"cover\",\"padding_remove_top\":false,\"padding_remove_bottom\":false,\"overlap\":true},\"children\":[{\"type\":\"row\",\"props\":{\"match\":false},\"children\":[{\"type\":\"column\",\"props\":{\"image_position\":\"center-center\",\"media_overlay_gradient\":\"\",\"vertical_align\":\"bottom\",\"padding\":\"xsmall\",\"width_medium\":\"1-1\",\"preserve_color\":false},\"children\":[{\"type\":\"headline\",\"props\":{\"title_element\":\"h4\",\"content\":\"An\\u00e1lisis de Informaci\\u00f3n y Reporte\",\"title_style\":\"h4\",\"text_align\":\"center\",\"title_font_family\":\"primary\"}}]}]}],\"name\":\"Hero\"},{\"type\":\"section\",\"props\":{\"style\":\"default\",\"width\":\"large\",\"vertical_align\":\"middle\",\"title_position\":\"top-left\",\"title_rotation\":\"left\",\"title_breakpoint\":\"xl\",\"image_position\":\"center-center\",\"padding\":\"xsmall\",\"padding_remove_top\":false},\"children\":[{\"type\":\"row\",\"props\":{\"margin\":\"large\"},\"children\":[{\"type\":\"column\",\"props\":{\"image_position\":\"center-center\",\"media_overlay_gradient\":\"\",\"width_medium\":\"1-1\"},\"children\":[{\"type\":\"text\",\"props\":{\"margin\":\"default\",\"column_breakpoint\":\"m\",\"content\":\"\n\n<p>Este componente se encarga de la gestio\\u0301n y ana\\u0301lisis estad\\u00edstico de la informacio\\u0301n generada por los otros componentes para proporcionar informacio\\u0301n actualizada y precisa en la elaboracio\\u0301n de reportes y evaluaciones de presio\\u0301n, estado y respuesta del <strong>Patrimonio Forestal Nacional<\\\/strong>, para lo cual el componente agrupa los siguientes procesos:<\\\/p>\",\"text_align\":\"justify\"}}]}]}],\"name\":\"Normativa\"},{\"type\":\"section\",\"props\":{\"style\":\"default\",\"width\":\"xlarge\",\"vertical_align\":\"middle\",\"title_position\":\"top-left\",\"title_rotation\":\"left\",\"title_breakpoint\":\"xl\",\"image_position\":\"center-center\",\"padding\":\"xsmall\",\"animation\":\"slide-left-small\",\"padding_remove_bottom\":false},\"children\":[{\"type\":\"row\",\"props\":{\"layout\":\"1-3,2-3\",\"column_gap\":\"large\",\"match\":false},\"children\":[{\"type\":\"column\",\"props\":{\"image_position\":\"center-center\",\"media_overlay_gradient\":\"\",\"width_large\":\"1-3\",\"width_medium\":\"1-3\",\"vertical_align\":\"middle\"},\"children\":[{\"type\":\"image\",\"props\":{\"margin\":\"default\",\"image_svg_color\":\"emphasis\",\"visibility\":\"l\",\"source\":\"22\",\"image\":\"wp-content\\\/uploads\\\/enf-1.png\",\"link\":\"\",\"image_alt\":\"\",\"text_align\":\"center\"}}]},{\"type\":\"column\",\"props\":{\"image_position\":\"center-center\",\"media_overlay_gradient\":\"\",\"vertical_align\":\"middle\",\"width_large\":\"2-3\",\"width_medium\":\"2-3\"},\"children\":[{\"type\":\"panel\",\"props\":{\"link_text\":\"\",\"title_hover_style\":\"heading\",\"title_element\":\"h2\",\"title_align\":\"top\",\"title_grid_width\":\"1-2\",\"title_grid_breakpoint\":\"m\",\"meta_style\":\"meta\",\"meta_align\":\"below-title\",\"image_align\":\"top\",\"image_grid_width\":\"1-2\",\"image_grid_breakpoint\":\"m\",\"image_svg_color\":\"emphasis\",\"link_style\":\"text\",\"margin\":\"default\",\"link_margin\":\"medium\",\"animation\":\"fade\",\"visibility\":\"l\",\"source\":\"22\",\"title_link\":true,\"icon_width\":80,\"meta_element\":\"div\",\"content_column_breakpoint\":\"m\",\"title\":\"Evaluaci\\u00f3n de Presi\\u00f3n \\u2013 Estado \\u2013 Respuesta\",\"content\":\"\n\n<p>Constituye el mecanismo para la generacio\\u0301n de informacio\\u0301n robusta sobre el estado de conservacio\\u0301n del Patrimonio Forestal Nacional, a partir del ana\\u0301lisis integral de las presiones existentes, su estado y respuesta. Un ejemplo de los informes que se realizan dentro de este proceso, son los siguientes:<\\\/p>\\n\n\n<ul>\\n\n\n<li>Definici\\u00f3n de zonas prioritarias para aprovechamiento forestal o declaracio\\u0301n de a\\u0301reas protegidas.<\\\/li>\\n\n\n<li>Definicio\\u0301n de zonas prioritarias para la intervencio\\u0301n territorial de programas y proyectos de cooperacio\\u0301n internacional.<\\\/li>\\n\n\n<li>Definicio\\u0301n de zonas intere\\u0301s para la entrega de incentivos para la conservacio\\u0301n.<\\\/li>\\n\n\n<li>Determinaci\\u00f3n de zonas prioritarias para restauracio\\u0301n y manejo de los bienes y servicios que proveen los ecosistemas.<\\\/li>\\n\n\n<li>Ana\\u0301lisis de patrones y zonas homoge\\u0301neas de deforestacio\\u0301n.<\\\/li>\\n\n\n<li>Estrategias de intervencio\\u0301n territorial para programas y proyectos relacionados a la gestio\\u0301n forestal y de la biodiversidad.<\\\/li>\\n<\\\/ul>\",\"link\":\"\",\"title_decoration\":\"divider\",\"title_style\":\"h4\",\"text_align\":\"justify\",\"link_target\":true}},{\"type\":\"gallery\",\"props\":{\"show_title\":true,\"show_meta\":true,\"show_content\":true,\"show_link\":true,\"show_hover_image\":true,\"grid_default\":\"1\",\"grid_medium\":\"3\",\"filter_style\":\"tab\",\"filter_all\":true,\"filter_position\":\"top\",\"filter_align\":\"left\",\"filter_grid_width\":\"auto\",\"filter_grid_breakpoint\":\"m\",\"overlay_mode\":\"caption\",\"overlay_hover\":true,\"overlay_style\":\"overlay-primary\",\"text_color\":\"light\",\"overlay_position\":\"center\",\"overlay_transition\":\"fade\",\"title_hover_style\":\"reset\",\"title_element\":\"h3\",\"meta_style\":\"meta\",\"meta_align\":\"below-title\",\"meta_element\":\"div\",\"link_text\":\"Read more\",\"link_style\":\"default\",\"text_align\":\"center\",\"margin\":\"default\",\"item_animation\":\"\"},\"children\":[{\"type\":\"gallery_item\",\"props\":{\"image\":\"wp-content\\\/uploads\\\/foto2.jpg\"}},{\"type\":\"gallery_item\",\"props\":{\"image\":\"wp-content\\\/uploads\\\/foto15.jpg\"}},{\"type\":\"gallery_item\",\"props\":{\"image\":\"wp-content\\\/uploads\\\/foto5.jpg\"}}]}]}]}],\"name\":\"Inventario Nacional Forestal\"},{\"type\":\"section\",\"props\":{\"style\":\"default\",\"width\":\"default\",\"vertical_align\":\"middle\",\"title_position\":\"top-left\",\"title_rotation\":\"left\",\"title_breakpoint\":\"xl\",\"image_position\":\"center-center\",\"padding\":\"small\"},\"children\":[{\"type\":\"row\",\"children\":[{\"type\":\"column\",\"props\":{\"image_position\":\"center-center\",\"media_overlay_gradient\":\"\"},\"children\":[{\"type\":\"divider\",\"props\":{\"divider_element\":\"hr\",\"divider_style\":\"\",\"divider_align\":\"\",\"divider_align_breakpoint\":\"\",\"divider_align_fallback\":\"\",\"animation\":\"none\"}}]}]}]},{\"type\":\"section\",\"props\":{\"style\":\"default\",\"width\":\"xlarge\",\"vertical_align\":\"middle\",\"title_position\":\"top-left\",\"title_rotation\":\"left\",\"title_breakpoint\":\"xl\",\"image_position\":\"center-center\",\"padding\":\"xsmall\",\"animation\":\"slide-left-small\",\"padding_remove_top\":false},\"children\":[{\"type\":\"row\",\"props\":{\"layout\":\"1-3,2-3\",\"column_gap\":\"large\",\"match\":false},\"children\":[{\"type\":\"column\",\"props\":{\"image_position\":\"center-center\",\"media_overlay_gradient\":\"\",\"width_small\":\"1-3\",\"width_medium\":\"1-3\",\"vertical_align\":\"middle\"},\"children\":[{\"type\":\"image\",\"props\":{\"margin\":\"default\",\"image_svg_color\":\"emphasis\",\"visibility\":\"l\",\"source\":\"22\",\"image\":\"wp-content\\\/uploads\\\/arbol.png\",\"link\":\"\",\"image_alt\":\"\",\"text_align\":\"center\"}}]},{\"type\":\"column\",\"props\":{\"image_position\":\"center-center\",\"media_overlay_gradient\":\"\",\"vertical_align\":\"middle\",\"width_small\":\"2-3\",\"width_medium\":\"2-3\"},\"children\":[{\"type\":\"panel\",\"props\":{\"link_text\":\"\",\"title_hover_style\":\"heading\",\"title_element\":\"h2\",\"title_align\":\"top\",\"title_grid_width\":\"1-2\",\"title_grid_breakpoint\":\"m\",\"meta_style\":\"meta\",\"meta_align\":\"below-title\",\"image_align\":\"top\",\"image_grid_width\":\"1-2\",\"image_grid_breakpoint\":\"m\",\"image_svg_color\":\"emphasis\",\"link_style\":\"text\",\"margin\":\"default\",\"link_margin\":\"medium\",\"animation\":\"fade\",\"visibility\":\"l\",\"source\":\"22\",\"title_link\":true,\"icon_width\":80,\"meta_element\":\"div\",\"content_column_breakpoint\":\"m\",\"title\":\"Evaluaci\\u00f3n de Relaci\\u00f3n Gente \\u2013 Bosque\",\"content\":\"\n\n<p>El objetivo de este proceso, es conocer las relaciones existentes entre los bosques naturales del pa\\u00eds y las poblaciones locales, as\\u00ed como los actores y factores que han dado lugar a los procesos de deforestaci\\u00f3n y conservaci\\u00f3n de estos ecosistemas forestales.<\\\/p>\\n\n\n<p>Su ejecuci\\u00f3n inici\\u00f3 en el a\\u00f1o 2012, como parte de la <strong>Primera Evaluacio\\u0301n Nacional Forestal<\\\/strong>,\\u00a0 en la cual se realiz\\u00f3 \\u00a0un \\u00a0primer disen\\u0303o metodolo\\u0301gico y un estudio piloto en la provincia de Sucumbi\\u0301os.<\\\/p>\",\"link\":\"\",\"title_decoration\":\"divider\",\"title_style\":\"h4\",\"text_align\":\"justify\",\"link_target\":true}},{\"type\":\"gallery\",\"props\":{\"show_title\":true,\"show_meta\":true,\"show_content\":true,\"show_link\":true,\"show_hover_image\":true,\"grid_default\":\"1\",\"grid_medium\":\"3\",\"filter_style\":\"tab\",\"filter_all\":true,\"filter_position\":\"top\",\"filter_align\":\"left\",\"filter_grid_width\":\"auto\",\"filter_grid_breakpoint\":\"m\",\"overlay_mode\":\"caption\",\"overlay_hover\":true,\"overlay_style\":\"overlay-primary\",\"text_color\":\"light\",\"overlay_position\":\"center\",\"overlay_transition\":\"fade\",\"title_hover_style\":\"reset\",\"title_element\":\"h3\",\"meta_style\":\"meta\",\"meta_align\":\"below-title\",\"meta_element\":\"div\",\"link_text\":\"Read more\",\"link_style\":\"default\",\"text_align\":\"center\",\"margin\":\"default\",\"item_animation\":\"\"},\"children\":[{\"type\":\"gallery_item\",\"props\":{\"image\":\"wp-content\\\/uploads\\\/g1foto.png\"}},{\"type\":\"gallery_item\",\"props\":{\"image\":\"wp-content\\\/uploads\\\/g3foto.png\"}},{\"type\":\"gallery_item\",\"props\":{\"image\":\"wp-content\\\/uploads\\\/g2foto.png\"}}]},{\"type\":\"text\",\"props\":{\"margin\":\"default\",\"column_breakpoint\":\"m\",\"content\":\"\n\n<p style=\\\"text-align: center;\\\"><a href=\\\"http:\\\/\\\/enf.ambiente.gob.ec\\\/web_enf\\\" target=\\\"_blank\\\" rel=\\\"noopener\\\">Para mayor informaci\\u00f3n puede ingresar al sitio web de la Evaluaci\\u00f3n Nacional Forestal<\\\/a><\\\/p>\",\"text_size\":\"large\",\"text_color\":\"primary\"}}]}]}],\"name\":\"Corona\"},{\"type\":\"section\",\"props\":{\"style\":\"default\",\"width\":\"default\",\"vertical_align\":\"middle\",\"title_position\":\"top-left\",\"title_rotation\":\"left\",\"title_breakpoint\":\"xl\",\"image_position\":\"center-center\",\"padding\":\"xsmall\",\"padding_remove_top\":false},\"children\":[{\"type\":\"row\",\"children\":[{\"type\":\"column\",\"props\":{\"image_position\":\"center-center\",\"media_overlay_gradient\":\"\"},\"children\":[{\"type\":\"divider\",\"props\":{\"divider_element\":\"hr\",\"divider_style\":\"\",\"divider_align\":\"\",\"divider_align_breakpoint\":\"\",\"divider_align_fallback\":\"\",\"animation\":\"none\"}}]}]}]},{\"type\":\"section\",\"props\":{\"style\":\"default\",\"width\":\"xlarge\",\"vertical_align\":\"middle\",\"title_position\":\"top-left\",\"title_rotation\":\"left\",\"title_breakpoint\":\"xl\",\"image_position\":\"center-center\",\"padding\":\"small\"},\"children\":[{\"type\":\"row\",\"props\":{\"layout\":\"1-3,2-3\"},\"children\":[{\"type\":\"column\",\"props\":{\"image_position\":\"center-center\",\"media_overlay_gradient\":\"\",\"width_medium\":\"1-3\",\"vertical_align\":\"middle\"},\"children\":[{\"type\":\"image\",\"props\":{\"margin\":\"default\",\"image_svg_color\":\"emphasis\",\"image\":\"wp-content\\\/uploads\\\/resultados.jpg\"}}]},{\"type\":\"column\",\"props\":{\"image_position\":\"center-center\",\"media_overlay_gradient\":\"\",\"width_medium\":\"2-3\"},\"children\":[{\"type\":\"panel\",\"props\":{\"link_text\":\"\",\"title_hover_style\":\"heading\",\"title_element\":\"h2\",\"title_align\":\"top\",\"title_grid_width\":\"1-2\",\"title_grid_breakpoint\":\"m\",\"meta_style\":\"meta\",\"meta_align\":\"below-title\",\"image_align\":\"top\",\"image_grid_width\":\"1-2\",\"image_grid_breakpoint\":\"m\",\"image_svg_color\":\"emphasis\",\"link_style\":\"text\",\"margin\":\"default\",\"link_margin\":\"medium\",\"animation\":\"fade\",\"visibility\":\"l\",\"source\":\"22\",\"title_link\":true,\"icon_width\":80,\"meta_element\":\"div\",\"content_column_breakpoint\":\"m\",\"title\":\"Publicaci\\u00f3n y Reporte de Resultados\",\"content\":\"\n\n<p>Este proceso tiene como objetivo difundir y reportar los resultados obtenidos en los diferentes procesos del <strong>Sistema Nacional de Monitoreo de Bosques<\\\/strong>, as\\u00ed como tambi\\u00e9n generar reportes sobre el estado y conservaci\\u00f3n de los bosques, en base a requerimientos de actores institucionales.<\\\/p>\\n\n\n<p>La informaci\\u00f3n publicada en este proceso facilitar\\u00e1 el acceso p\\u00fablico a resultados relevantes relacionados al monitoreo del <strong>Patrimonio Forestal Nacional<\\\/strong>, y adem\\u00e1s, constituye un importante insumo para la generacio\\u0301n de reportes como: la <strong>Evaluacio\\u0301n de Recursos Forestales Mundiales<\\\/strong> (FRA por sus siglas en ingle\\u0301s), el <strong>Nivel de Referencia de Emisiones Forestales<\\\/strong>, anexo t\\u00e9cnico de REDD+, reportes relacionados al cumplimiento de las metas Aichi, reportes de indicadores nacionales sobre el cumplimiento del <strong>Plan Nacional de Desarrollo<\\\/strong>, entre otros.<\\\/p>\",\"link\":\"\",\"title_decoration\":\"divider\",\"title_style\":\"h4\",\"text_align\":\"justify\",\"link_target\":true}},{\"type\":\"gallery\",\"props\":{\"show_title\":true,\"show_meta\":true,\"show_content\":true,\"show_link\":true,\"show_hover_image\":true,\"grid_default\":\"1\",\"grid_medium\":\"3\",\"filter_style\":\"tab\",\"filter_all\":true,\"filter_position\":\"top\",\"filter_align\":\"left\",\"filter_grid_width\":\"auto\",\"filter_grid_breakpoint\":\"m\",\"overlay_mode\":\"caption\",\"overlay_hover\":true,\"overlay_style\":\"overlay-primary\",\"text_color\":\"light\",\"overlay_position\":\"center\",\"overlay_transition\":\"fade\",\"title_hover_style\":\"reset\",\"title_element\":\"h3\",\"meta_style\":\"meta\",\"meta_align\":\"below-title\",\"meta_element\":\"div\",\"link_text\":\"Read more\",\"link_style\":\"default\",\"text_align\":\"center\",\"margin\":\"default\",\"item_animation\":\"\"},\"children\":[{\"type\":\"gallery_item\",\"props\":{\"image\":\"wp-content\\\/uploads\\\/g1foto.png\"}},{\"type\":\"gallery_item\",\"props\":{\"image\":\"wp-content\\\/uploads\\\/g3foto.png\"}},{\"type\":\"gallery_item\",\"props\":{\"image\":\"wp-content\\\/uploads\\\/g2foto.png\"}}]}]}]}]}],\"version\":\"2.3.5\",\"type\":\"layout\"} --><\/p>\n","protected":false},"excerpt":{"rendered":"<p>An\u00e1lisis de Informaci\u00f3n y Reporte Este componente se encarga de la gestio\u0301n y ana\u0301lisis estad\u00edstico de la informacio\u0301n generada por los otros componentes para proporcionar informacio\u0301n actualizada y precisa en la elaboracio\u0301n de reportes y evaluaciones de presio\u0301n, estado y respuesta del Patrimonio Forestal Nacional, para lo cual el componente agrupa los siguientes procesos: Evaluaci\u00f3n [&hellip;]<\/p>\n","protected":false},"author":1,"featured_media":0,"parent":376,"menu_order":0,"comment_status":"closed","ping_status":"closed","template":"","meta":{"om_disable_all_campaigns":false,"_monsterinsights_skip_tracking":false,"_monsterinsights_sitenote_active":false,"_monsterinsights_sitenote_note":"","_monsterinsights_sitenote_category":0,"footnotes":""},"class_list":["post-486","page","type-page","status-publish","hentry"],"_links":{"self":[{"href":"https:\/\/snmb.ambiente.gob.ec\/snmb\/index.php?rest_route=\/wp\/v2\/pages\/486","targetHints":{"allow":["GET"]}}],"collection":[{"href":"https:\/\/snmb.ambiente.gob.ec\/snmb\/index.php?rest_route=\/wp\/v2\/pages"}],"about":[{"href":"https:\/\/snmb.ambiente.gob.ec\/snmb\/index.php?rest_route=\/wp\/v2\/types\/page"}],"author":[{"embeddable":true,"href":"https:\/\/snmb.ambiente.gob.ec\/snmb\/index.php?rest_route=\/wp\/v2\/users\/1"}],"replies":[{"embeddable":true,"href":"https:\/\/snmb.ambiente.gob.ec\/snmb\/index.php?rest_route=%2Fwp%2Fv2%2Fcomments&post=486"}],"version-history":[{"count":26,"href":"https:\/\/snmb.ambiente.gob.ec\/snmb\/index.php?rest_route=\/wp\/v2\/pages\/486\/revisions"}],"predecessor-version":[{"id":1284,"href":"https:\/\/snmb.ambiente.gob.ec\/snmb\/index.php?rest_route=\/wp\/v2\/pages\/486\/revisions\/1284"}],"up":[{"embeddable":true,"href":"https:\/\/snmb.ambiente.gob.ec\/snmb\/index.php?rest_route=\/wp\/v2\/pages\/376"}],"wp:attachment":[{"href":"https:\/\/snmb.ambiente.gob.ec\/snmb\/index.php?rest_route=%2Fwp%2Fv2%2Fmedia&parent=486"}],"curies":[{"name":"wp","href":"https:\/\/api.w.org\/{rel}","templated":true}]}}