{"id":941,"date":"2020-11-16T01:51:13","date_gmt":"2020-11-16T01:51:13","guid":{"rendered":"http:\/\/www.geekecuador.com\/snmb\/?page_id=941"},"modified":"2021-06-08T20:03:43","modified_gmt":"2021-06-08T20:03:43","slug":"cooperantes","status":"publish","type":"page","link":"https:\/\/snmb.ambiente.gob.ec\/snmb\/?page_id=941","title":{"rendered":"Cooperantes"},"content":{"rendered":"<h4>Cooperantes del SNMB<\/h4>\n<p><img decoding=\"async\" src=\"\/snmb\/wp-content\/uploads\/fao.png\" alt=\"\"><br \/>\n<img decoding=\"async\" src=\"\/snmb\/wp-content\/uploads\/pnud.png\" alt=\"\"><br \/>\n<img decoding=\"async\" src=\"\/snmb\/wp-content\/uploads\/gcf.png\" alt=\"\"><br \/>\n<img decoding=\"async\" src=\"\/snmb\/wp-content\/uploads\/gef.png\" alt=\"\"><\/p>\n<hr>\n<p><img decoding=\"async\" src=\"\/snmb\/wp-content\/uploads\/proamazoniapro.png\" alt=\"\"><br \/>\n<img decoding=\"async\" src=\"\/snmb\/wp-content\/uploads\/onuredd.png\" alt=\"\"><br \/>\n<img decoding=\"async\" src=\"\/snmb\/wp-content\/uploads\/noruega.png\" alt=\"\"><br \/>\n<img decoding=\"async\" src=\"\/snmb\/wp-content\/uploads\/gobierno_alemania.png\" alt=\"\"><\/p>\n<hr>\n<p><img decoding=\"async\" src=\"\/snmb\/wp-content\/uploads\/remec.png\" alt=\"\"><br \/>\n<img decoding=\"async\" src=\"\/snmb\/wp-content\/uploads\/kfw_2.png\" alt=\"\"><br \/>\n<img decoding=\"async\" src=\"\/snmb\/wp-content\/uploads\/logo-nicfi.jpg\" alt=\"\"><br \/>\n<img decoding=\"async\" src=\"\/snmb\/wp-content\/uploads\/fias.png\" alt=\"\"><\/p>\n<hr>\n<p><img decoding=\"async\" src=\"\/snmb\/wp-content\/uploads\/gobierno_finlandia.png\" alt=\"\"><br \/>\n<img decoding=\"async\" src=\"\/snmb\/wp-content\/uploads\/corpoale.png\" alt=\"\"><br \/>\n<img decoding=\"async\" src=\"\/snmb\/wp-content\/uploads\/logo-otca.png\" alt=\"\"><\/p>\n<div>\n<p><strong>Instituciones que han brindado insumos o apoyo t\u00e9cnico al SNMB:<br \/><\/strong><\/p>\n<\/div>\n<h5><strong>INSTITUCIONES NACIONALES<\/strong><\/h5>\n<ul>\n<li>\n<div>\n<p>Instituto Nacional de Estadisticas y Censos (INEC)<\/p>\n<\/div>\n<\/li>\n<li>\n<div>\n<p>Instituto Espacial Ecuatoriano (IEE)<\/p>\n<\/div>\n<\/li>\n<li>\n<div>\n<p>Instituto Geogr\u00e1fico Militar (IGM)<\/p>\n<\/div>\n<\/li>\n<li>\n<div>\n<p>Secci\u00f3n Bot\u00e1nica Herbario Nacional (QCNE)<\/p>\n<\/div>\n<\/li>\n<li>\n<div>\n<p>El Herbario QCA de la Pontificia Universidad Cat\u00f3lica del Ecuador<\/p>\n<\/div>\n<\/li>\n<li>\n<div>\n<p>Herbario Reinaldo Espinosa de la Universidad Nacional de Loja<\/p>\n<\/div>\n<\/li>\n<li>\n<div>\n<p>Herbario Azuay de la Universidad del Azuay<\/p>\n<\/div>\n<\/li>\n<li>\n<div>\n<p>Museo de Ciencias Naturales de la Escuela Polit\u00e9cnica Nacional<\/p>\n<\/div>\n<\/li>\n<\/ul>\n<h5><strong>INSTITUCIONES EXTRANJERAS<\/strong><\/h5>\n<ul>\n<li>\n<div>\n<p>Missouri Botanical Garden<\/p>\n<\/div>\n<\/li>\n<li>\n<div>\n<p>International Union for Conservation of Nature (UICN)<\/p>\n<\/div>\n<\/li>\n<li>\n<div>\n<p>Programa SilvaCarbon<\/p>\n<\/div>\n<\/li>\n<li>\n<div>\n<p>Instituto Nacional de Pesquisas Espaciais (INPE)<\/p>\n<\/div>\n<\/li>\n<li>\n<div>\n<p>Centro Agron\u00f3mico Tropical de Investigaci\u00f3n y Ense\u00f1anza (CATIE)<\/p>\n<\/div>\n<\/li>\n<li>\n<div>\n<p>US Forest Service (USFS)<\/p>\n<\/div>\n<\/li>\n<li>\n<div>\n<p>Programa SERVIR Amazon\u00eda<\/p>\n<\/div>\n<\/li>\n<\/ul>\n<p><!-- {\"name\":\"NORMATIVA\",\"type\":\"layout\",\"children\":[{\"type\":\"section\",\"props\":{\"style\":\"default\",\"width\":\"\",\"vertical_align\":\"middle\",\"title_position\":\"top-left\",\"title_rotation\":\"left\",\"title_breakpoint\":\"xl\",\"image_position\":\"center-center\",\"text_color\":\"light\",\"padding\":\"large\",\"image\":\"wp-content\\\/uploads\\\/banner_normativa.jpg\",\"image_size\":\"cover\",\"padding_remove_top\":false,\"padding_remove_bottom\":false,\"overlap\":true},\"children\":[{\"type\":\"row\",\"props\":{\"match\":false},\"children\":[{\"type\":\"column\",\"props\":{\"image_position\":\"center-center\",\"media_overlay_gradient\":\"\",\"vertical_align\":\"bottom\",\"padding\":\"xsmall\",\"width_medium\":\"1-1\",\"preserve_color\":false},\"children\":[{\"type\":\"headline\",\"props\":{\"title_element\":\"h4\",\"content\":\"Cooperantes del SNMB\",\"title_style\":\"h4\",\"text_align\":\"center\",\"title_font_family\":\"primary\"}}]}]}],\"name\":\"Hero\"},{\"name\":\"cooperantes\",\"type\":\"section\",\"props\":{\"style\":\"default\",\"width\":\"large\",\"vertical_align\":\"middle\",\"title_position\":\"top-left\",\"title_rotation\":\"left\",\"title_breakpoint\":\"xl\",\"image_position\":\"center-center\",\"padding_remove_top\":false,\"padding\":\"small\"},\"children\":[{\"name\":\"\",\"type\":\"row\",\"props\":{\"layout\":\"1-4,1-4,1-4,1-4|1-2,1-2,1-2,1-2\",\"width\":\"expand\",\"vertical_align\":false,\"divider\":true,\"margin\":\"remove-vertical\",\"match\":true},\"children\":[{\"name\":\"\",\"type\":\"column\",\"props\":{\"image_position\":\"center-center\",\"media_overlay_gradient\":\"\",\"width_medium\":\"1-4\",\"width_small\":\"1-2\"},\"children\":[{\"name\":\"\",\"type\":\"image\",\"props\":{\"margin\":\"default\",\"image\":\"wp-content\\\/uploads\\\/fao.png\",\"link\":\"\",\"text_align\":\"center\",\"image_svg_color\":\"emphasis\",\"link_target\":\"blank\"}}]},{\"name\":\"\",\"type\":\"column\",\"props\":{\"image_position\":\"center-center\",\"media_overlay_gradient\":\"\",\"width_medium\":\"1-4\",\"width_small\":\"1-2\"},\"children\":[{\"name\":\"\",\"type\":\"image\",\"props\":{\"margin\":\"default\",\"image\":\"wp-content\\\/uploads\\\/pnud.png\",\"link\":\"\",\"text_align\":\"center\",\"image_svg_color\":\"emphasis\",\"link_target\":\"blank\"}}]},{\"name\":\"\",\"type\":\"column\",\"props\":{\"image_position\":\"center-center\",\"media_overlay_gradient\":\"\",\"width_medium\":\"1-4\",\"width_small\":\"1-2\"},\"children\":[{\"name\":\"\",\"type\":\"image\",\"props\":{\"margin\":\"default\",\"image\":\"wp-content\\\/uploads\\\/gcf.png\",\"link\":\"\",\"text_align\":\"center\",\"image_svg_color\":\"emphasis\",\"link_target\":\"blank\"}}]},{\"type\":\"column\",\"props\":{\"image_position\":\"center-center\",\"media_overlay_gradient\":\"\",\"width_medium\":\"1-4\",\"width_small\":\"1-2\"},\"children\":[{\"name\":\"\",\"type\":\"image\",\"props\":{\"margin\":\"default\",\"image\":\"wp-content\\\/uploads\\\/gef.png\",\"link\":\"\",\"text_align\":\"center\",\"image_svg_color\":\"emphasis\",\"link_target\":\"blank\"}}]}]},{\"name\":\"\",\"type\":\"row\",\"props\":{\"width\":\"large\",\"margin\":\"remove-vertical\"},\"children\":[{\"name\":\"\",\"type\":\"column\",\"props\":{\"image_position\":\"center-center\",\"width_large\":\"1-1\",\"media_overlay_gradient\":\"\",\"width_medium\":\"1-1\"},\"children\":[{\"name\":\"\",\"type\":\"divider\",\"props\":{\"divider_element\":\"hr\",\"item_maxwidth\":\"medium\"}}]}]},{\"name\":\"\",\"type\":\"row\",\"props\":{\"layout\":\"1-4,1-4,1-4,1-4|1-2,1-2,1-2,1-2\",\"width\":\"expand\",\"vertical_align\":false,\"divider\":true,\"margin\":\"remove-vertical\",\"match\":true},\"children\":[{\"name\":\"\",\"type\":\"column\",\"props\":{\"image_position\":\"center-center\",\"media_overlay_gradient\":\"\",\"width_medium\":\"1-4\",\"width_small\":\"1-2\"},\"children\":[{\"name\":\"\",\"type\":\"image\",\"props\":{\"margin\":\"default\",\"image\":\"wp-content\\\/uploads\\\/proamazoniapro.png\",\"link\":\"\",\"text_align\":\"center\",\"image_svg_color\":\"emphasis\",\"link_target\":\"blank\"}}]},{\"name\":\"\",\"type\":\"column\",\"props\":{\"image_position\":\"center-center\",\"media_overlay_gradient\":\"\",\"width_medium\":\"1-4\",\"width_small\":\"1-2\"},\"children\":[{\"name\":\"\",\"type\":\"image\",\"props\":{\"margin\":\"default\",\"image\":\"wp-content\\\/uploads\\\/onuredd.png\",\"link\":\"\",\"text_align\":\"center\",\"image_svg_color\":\"emphasis\",\"link_target\":\"blank\"}}]},{\"name\":\"\",\"type\":\"column\",\"props\":{\"image_position\":\"center-center\",\"media_overlay_gradient\":\"\",\"width_medium\":\"1-4\",\"width_small\":\"1-2\"},\"children\":[{\"name\":\"\",\"type\":\"image\",\"props\":{\"margin\":\"default\",\"image\":\"wp-content\\\/uploads\\\/noruega.png\",\"link\":\"\",\"text_align\":\"center\",\"image_svg_color\":\"emphasis\",\"link_target\":\"blank\"}}]},{\"type\":\"column\",\"props\":{\"image_position\":\"center-center\",\"media_overlay_gradient\":\"\",\"width_medium\":\"1-4\",\"width_small\":\"1-2\"},\"children\":[{\"name\":\"\",\"type\":\"image\",\"props\":{\"margin\":\"default\",\"image\":\"wp-content\\\/uploads\\\/gobierno_alemania.png\",\"link\":\"\",\"text_align\":\"center\",\"image_svg_color\":\"emphasis\",\"link_target\":\"blank\"}}]}]},{\"type\":\"row\",\"props\":{\"width\":\"large\",\"margin\":\"remove-vertical\"},\"children\":[{\"type\":\"column\",\"props\":{\"image_position\":\"center-center\",\"media_overlay_gradient\":\"\"},\"children\":[{\"name\":\"\",\"type\":\"divider\",\"props\":{\"divider_element\":\"hr\",\"item_maxwidth\":\"medium\"}}]}]},{\"name\":\"\",\"type\":\"row\",\"props\":{\"layout\":\"1-4,1-4,1-4,1-4|1-2,1-2,1-2,1-2\",\"width\":\"expand\",\"vertical_align\":false,\"divider\":true,\"margin\":\"remove-vertical\",\"match\":true},\"children\":[{\"name\":\"\",\"type\":\"column\",\"props\":{\"image_position\":\"center-center\",\"media_overlay_gradient\":\"\",\"width_medium\":\"1-4\",\"width_small\":\"1-2\",\"vertical_align\":\"middle\"},\"children\":[{\"name\":\"\",\"type\":\"image\",\"props\":{\"margin\":\"default\",\"image\":\"wp-content\\\/uploads\\\/remec.png\",\"link\":\"\",\"text_align\":\"center\",\"image_svg_color\":\"emphasis\",\"link_target\":\"blank\"}}]},{\"name\":\"\",\"type\":\"column\",\"props\":{\"image_position\":\"center-center\",\"media_overlay_gradient\":\"\",\"width_medium\":\"1-4\",\"width_small\":\"1-2\",\"vertical_align\":\"middle\"},\"children\":[{\"name\":\"\",\"type\":\"image\",\"props\":{\"margin\":\"default\",\"image\":\"wp-content\\\/uploads\\\/kfw_2.png\",\"link\":\"\",\"text_align\":\"center\",\"image_svg_color\":\"emphasis\",\"link_target\":\"blank\"}}]},{\"name\":\"\",\"type\":\"column\",\"props\":{\"image_position\":\"center-center\",\"media_overlay_gradient\":\"\",\"width_medium\":\"1-4\",\"width_small\":\"1-2\",\"vertical_align\":\"middle\"},\"children\":[{\"name\":\"\",\"type\":\"image\",\"props\":{\"margin\":\"default\",\"image\":\"wp-content\\\/uploads\\\/logo-nicfi.jpg\",\"link\":\"\",\"text_align\":\"center\",\"image_svg_color\":\"emphasis\",\"link_target\":\"blank\"}}]},{\"type\":\"column\",\"props\":{\"image_position\":\"center-center\",\"media_overlay_gradient\":\"\",\"width_medium\":\"1-4\",\"width_small\":\"1-2\"},\"children\":[{\"name\":\"\",\"type\":\"image\",\"props\":{\"margin\":\"default\",\"image\":\"wp-content\\\/uploads\\\/fias.png\",\"link\":\"\",\"text_align\":\"center\",\"image_svg_color\":\"emphasis\",\"link_target\":\"blank\"}}]}]},{\"type\":\"row\",\"children\":[{\"type\":\"column\",\"props\":{\"image_position\":\"center-center\",\"media_overlay_gradient\":\"\"},\"children\":[{\"name\":\"\",\"type\":\"divider\",\"props\":{\"divider_element\":\"hr\",\"item_maxwidth\":\"medium\"}}]}]},{\"name\":\"\",\"type\":\"row\",\"props\":{\"layout\":\"1-4,1-4,1-4,1-4|1-2,1-2,1-2,1-2\",\"width\":\"expand\",\"vertical_align\":false,\"divider\":true,\"margin\":\"remove-vertical\",\"match\":true},\"children\":[{\"name\":\"\",\"type\":\"column\",\"props\":{\"image_position\":\"center-center\",\"media_overlay_gradient\":\"\",\"width_medium\":\"1-4\",\"width_small\":\"1-2\"},\"children\":[{\"name\":\"\",\"type\":\"image\",\"props\":{\"margin\":\"default\",\"image\":\"wp-content\\\/uploads\\\/gobierno_finlandia.png\",\"link\":\"\",\"text_align\":\"center\",\"image_svg_color\":\"emphasis\",\"link_target\":\"blank\"}}]},{\"name\":\"\",\"type\":\"column\",\"props\":{\"image_position\":\"center-center\",\"media_overlay_gradient\":\"\",\"width_medium\":\"1-4\",\"width_small\":\"1-2\"},\"children\":[{\"name\":\"\",\"type\":\"image\",\"props\":{\"margin\":\"default\",\"image\":\"wp-content\\\/uploads\\\/corpoale.png\",\"link\":\"\",\"text_align\":\"center\",\"image_svg_color\":\"emphasis\",\"link_target\":\"blank\"}}]},{\"name\":\"\",\"type\":\"column\",\"props\":{\"image_position\":\"center-center\",\"media_overlay_gradient\":\"\",\"width_medium\":\"1-4\",\"width_small\":\"1-2\"},\"children\":[{\"name\":\"\",\"type\":\"image\",\"props\":{\"margin\":\"default\",\"image\":\"wp-content\\\/uploads\\\/logo-otca.png\",\"link\":\"\",\"text_align\":\"center\",\"image_svg_color\":\"emphasis\",\"link_target\":\"blank\"}}]},{\"type\":\"column\",\"props\":{\"image_position\":\"center-center\",\"media_overlay_gradient\":\"\",\"width_medium\":\"1-4\",\"width_small\":\"1-2\"},\"children\":[]}]}],\"modified\":\"2020-11-27T16:05:54.650Z\"},{\"type\":\"section\",\"props\":{\"style\":\"secondary\",\"width\":\"default\",\"vertical_align\":\"middle\",\"title_position\":\"top-left\",\"title_rotation\":\"left\",\"title_breakpoint\":\"xl\",\"image_position\":\"center-center\",\"padding\":\"small\"},\"children\":[{\"type\":\"row\",\"children\":[{\"type\":\"column\",\"props\":{\"image_position\":\"center-center\",\"media_overlay_gradient\":\"\"},\"children\":[{\"type\":\"text\",\"props\":{\"margin\":\"default\",\"column_breakpoint\":\"m\",\"content\":\"\n\n<p><strong>Instituciones que han brindado insumos o apoyo t\\u00e9cnico al SNMB:<br \\\/><\\\/strong><\\\/p>\",\"text_align\":\"center\",\"text_size\":\"large\",\"text_style\":\"lead\",\"css\":\".el-element {color: #ffffff;}\"}}]}]}]},{\"type\":\"section\",\"props\":{\"style\":\"default\",\"width\":\"default\",\"vertical_align\":\"middle\",\"title_position\":\"top-left\",\"title_rotation\":\"left\",\"title_breakpoint\":\"xl\",\"image_position\":\"center-center\"},\"children\":[{\"type\":\"row\",\"props\":{\"layout\":\"1-2,1-2\"},\"children\":[{\"type\":\"column\",\"props\":{\"image_position\":\"center-center\",\"media_overlay_gradient\":\"\",\"width_medium\":\"1-2\"},\"children\":[{\"type\":\"headline\",\"props\":{\"title_element\":\"h5\",\"content\":\"<strong>INSTITUCIONES NACIONALES<\\\/strong>\",\"title_font_family\":\"primary\",\"title_style\":\"h5\",\"title_decoration\":\"divider\"}},{\"type\":\"list\",\"props\":{\"show_image\":true,\"show_link\":true,\"list_element\":\"ul\",\"column_breakpoint\":\"m\",\"image_svg_color\":\"emphasis\",\"image_align\":\"left\",\"image_vertical_align\":true},\"children\":[{\"type\":\"list_item\",\"props\":{\"content\":\"\n\n<p>Instituto Nacional de Estadisticas y Censos (INEC)<\\\/p>\",\"icon\":\"forward\"}},{\"type\":\"list_item\",\"props\":{\"content\":\"\n\n<p>Instituto Espacial Ecuatoriano (IEE)<\\\/p>\",\"icon\":\"forward\"}},{\"type\":\"list_item\",\"props\":{\"content\":\"\n\n<p>Instituto Geogr\\u00e1fico Militar (IGM)<\\\/p>\",\"icon\":\"forward\"}},{\"type\":\"list_item\",\"props\":{\"content\":\"\n\n<p>Secci\\u00f3n Bot\\u00e1nica Herbario Nacional (QCNE)<\\\/p>\",\"icon\":\"forward\"}},{\"type\":\"list_item\",\"props\":{\"content\":\"\n\n<p>El Herbario QCA de la Pontificia Universidad Cat\\u00f3lica del Ecuador<\\\/p>\",\"icon\":\"forward\"}},{\"type\":\"list_item\",\"props\":{\"content\":\"\n\n<p>Herbario Reinaldo Espinosa de la Universidad Nacional de Loja<\\\/p>\",\"icon\":\"forward\"}},{\"type\":\"list_item\",\"props\":{\"content\":\"\n\n<p>Herbario Azuay de la Universidad del Azuay<\\\/p>\",\"icon\":\"forward\"}},{\"type\":\"list_item\",\"props\":{\"content\":\"\n\n<p>Museo de Ciencias Naturales de la Escuela Polit\\u00e9cnica Nacional<\\\/p>\",\"icon\":\"forward\"}}]}]},{\"type\":\"column\",\"props\":{\"image_position\":\"center-center\",\"media_overlay_gradient\":\"\",\"width_medium\":\"1-2\"},\"children\":[{\"type\":\"headline\",\"props\":{\"title_element\":\"h5\",\"content\":\"<strong>INSTITUCIONES EXTRANJERAS<\\\/strong>\",\"title_font_family\":\"primary\",\"title_style\":\"h5\",\"title_decoration\":\"divider\"}},{\"type\":\"list\",\"props\":{\"show_image\":true,\"show_link\":true,\"list_element\":\"ul\",\"column_breakpoint\":\"m\",\"image_svg_color\":\"emphasis\",\"image_align\":\"left\",\"image_vertical_align\":true},\"children\":[{\"type\":\"list_item\",\"props\":{\"content\":\"\n\n<p>Missouri Botanical Garden<\\\/p>\",\"icon\":\"forward\"}},{\"type\":\"list_item\",\"props\":{\"content\":\"\n\n<p>International Union for Conservation of Nature (UICN)<\\\/p>\",\"icon\":\"forward\"}},{\"type\":\"list_item\",\"props\":{\"content\":\"\n\n<p>Programa SilvaCarbon<\\\/p>\",\"icon\":\"forward\"}},{\"type\":\"list_item\",\"props\":{\"content\":\"\n\n<p>Instituto Nacional de Pesquisas Espaciais (INPE)<\\\/p>\",\"icon\":\"forward\"}},{\"type\":\"list_item\",\"props\":{\"content\":\"\n\n<p>Centro Agron\\u00f3mico Tropical de Investigaci\\u00f3n y Ense\\u00f1anza (CATIE)<\\\/p>\",\"icon\":\"forward\"}},{\"type\":\"list_item\",\"props\":{\"content\":\"\n\n<p>US Forest Service (USFS)<\\\/p>\",\"icon\":\"forward\"}},{\"type\":\"list_item\",\"props\":{\"content\":\"\n\n<p>Programa SERVIR Amazon\\u00eda<\\\/p>\",\"icon\":\"forward\"}}]}]}]}]}],\"version\":\"2.3.5\"} --><\/p>\n","protected":false},"excerpt":{"rendered":"<p>Cooperantes del SNMB Instituciones que han brindado insumos o apoyo t\u00e9cnico al SNMB: INSTITUCIONES NACIONALES Instituto Nacional de Estadisticas y Censos (INEC) Instituto Espacial Ecuatoriano (IEE) Instituto Geogr\u00e1fico Militar (IGM) Secci\u00f3n Bot\u00e1nica Herbario Nacional (QCNE) El Herbario QCA de la Pontificia Universidad Cat\u00f3lica del Ecuador Herbario Reinaldo Espinosa de la Universidad Nacional de Loja Herbario [&hellip;]<\/p>\n","protected":false},"author":1,"featured_media":0,"parent":0,"menu_order":0,"comment_status":"closed","ping_status":"closed","template":"","meta":{"om_disable_all_campaigns":false,"_monsterinsights_skip_tracking":false,"_monsterinsights_sitenote_active":false,"_monsterinsights_sitenote_note":"","_monsterinsights_sitenote_category":0,"footnotes":""},"class_list":["post-941","page","type-page","status-publish","hentry"],"_links":{"self":[{"href":"https:\/\/snmb.ambiente.gob.ec\/snmb\/index.php?rest_route=\/wp\/v2\/pages\/941","targetHints":{"allow":["GET"]}}],"collection":[{"href":"https:\/\/snmb.ambiente.gob.ec\/snmb\/index.php?rest_route=\/wp\/v2\/pages"}],"about":[{"href":"https:\/\/snmb.ambiente.gob.ec\/snmb\/index.php?rest_route=\/wp\/v2\/types\/page"}],"author":[{"embeddable":true,"href":"https:\/\/snmb.ambiente.gob.ec\/snmb\/index.php?rest_route=\/wp\/v2\/users\/1"}],"replies":[{"embeddable":true,"href":"https:\/\/snmb.ambiente.gob.ec\/snmb\/index.php?rest_route=%2Fwp%2Fv2%2Fcomments&post=941"}],"version-history":[{"count":13,"href":"https:\/\/snmb.ambiente.gob.ec\/snmb\/index.php?rest_route=\/wp\/v2\/pages\/941\/revisions"}],"predecessor-version":[{"id":1312,"href":"https:\/\/snmb.ambiente.gob.ec\/snmb\/index.php?rest_route=\/wp\/v2\/pages\/941\/revisions\/1312"}],"wp:attachment":[{"href":"https:\/\/snmb.ambiente.gob.ec\/snmb\/index.php?rest_route=%2Fwp%2Fv2%2Fmedia&parent=941"}],"curies":[{"name":"wp","href":"https:\/\/api.w.org\/{rel}","templated":true}]}}